{"id":47,"date":"2022-10-24T22:35:57","date_gmt":"2022-10-24T20:35:57","guid":{"rendered":"https:\/\/ksiegarniawiedza.pl\/?page_id=47"},"modified":"2022-11-13T13:37:54","modified_gmt":"2022-11-13T12:37:54","slug":"ksiegarnia-wiedza","status":"publish","type":"page","link":"https:\/\/ksiegarniawiedza.pl\/","title":{"rendered":"Strona g\u0142\u00f3wna"},"content":{"rendered":"\t\t<div data-elementor-type=\"wp-page\" data-elementor-id=\"47\" class=\"elementor elementor-47\">\n\t\t\t\t\t\t<section class=\"elementor-section elementor-top-section elementor-element elementor-element-71fff409 elementor-section-stretched elementor-section-boxed elementor-section-height-default elementor-section-height-default\" data-id=\"71fff409\" data-element_type=\"section\" data-e-type=\"section\" data-settings=\"{&quot;stretch_section&quot;:&quot;section-stretched&quot;}\">\n\t\t\t\t\t\t<div class=\"elementor-container elementor-column-gap-default\">\n\t\t\t\t\t<div class=\"elementor-column elementor-col-100 elementor-top-column elementor-element elementor-element-62ae3d97\" data-id=\"62ae3d97\" data-element_type=\"column\" data-e-type=\"column\">\n\t\t\t<div class=\"elementor-widget-wrap elementor-element-populated\">\n\t\t\t\t\t\t<div class=\"elementor-element elementor-element-34abfede elementor-widget elementor-widget-text-editor\" data-id=\"34abfede\" data-element_type=\"widget\" data-e-type=\"widget\" data-widget_type=\"text-editor.default\">\n\t\t\t\t<div class=\"elementor-widget-container\">\n\t\t\t\t\t\t\t\t\t<p><\/p>\n<h2 class=\"alignwide has-text-align-center wp-block-heading\">&#8222;Czytanie ksi\u0105\u017cek to najpi\u0119kniejsza zabawa, jak\u0105 sobie ludzko\u015b\u0107 wymy\u015bli\u0142a&#8221;&nbsp;<em>W. Szymborska<\/em><\/h2>\n<p><\/p>\n<div class=\"wp-block-media-text alignwide is-stacked-on-mobile\">\n<figure class=\"wp-block-media-text__media\"><img fetchpriority=\"high\" decoding=\"async\" width=\"1008\" height=\"756\" class=\"wp-image-17 size-full\" src=\"http:\/\/ksiegarniawiedza.pl\/wp-content\/uploads\/2022\/10\/image3_50.jpeg\" alt=\"Ksi\u0119garnia\" srcset=\"https:\/\/ksiegarniawiedza.pl\/wp-content\/uploads\/2022\/10\/image3_50.jpeg 1008w, https:\/\/ksiegarniawiedza.pl\/wp-content\/uploads\/2022\/10\/image3_50-300x225.jpeg 300w, https:\/\/ksiegarniawiedza.pl\/wp-content\/uploads\/2022\/10\/image3_50-768x576.jpeg 768w\" sizes=\"(max-width: 1008px) 100vw, 1008px\" \/><\/figure>\n<div class=\"wp-block-media-text__content\"><p><\/p>\n<p>Zapraszamy do naszej wyj\u0105tkowej ksi\u0119garni w Kamieniu Pomorskim!<\/p>\n<p>Ksi\u0119garnia &#8222;Wiedza&#8221; istnieje od 1993 roku i od samego pocz\u0105tku nasz\u0105 misj\u0105 jest szerzy\u0107 czytelnictwo i promowa\u0107 gust czytelniczy w\u015br\u00f3d mieszka\u0144c\u00f3w tego pi\u0119knego miasta i powiatu. W naszej ofercie znajduj\u0105 si\u0119 pozycje literatury pi\u0119knej, beletrystyka, albumy, powie\u015bci i poezja, a tak\u017ce podr\u0119czniki szkolne, ksi\u0105\u017ceczki dla dzieci i m\u0142odzie\u017cy i kolorowanki. Ponadto znajd\u0105 si\u0119 tu r\u00f3wnie\u017c przybory szkolne i biurowe oraz pami\u0105tki, gry planszowe i wiele, wiele innych towarzyszy ksi\u0105\u017cek&#8230;&nbsp;<\/p>\n<p>Zapraszamy!<\/p>\n<\/div>\n<\/div>\n<div class=\"wp-block-columns alignwide\">\n<div class=\"wp-block-column\"><\/div>\n<p><\/p><\/div>\n<p><!-- \/wp:columns --><\/p>\t\t\t\t\t\t\t\t<\/div>\n\t\t\t\t<\/div>\n\t\t\t\t\t<\/div>\n\t\t<\/div>\n\t\t\t\t\t<\/div>\n\t\t<\/section>\n\t\t\t\t<\/div>\n\t\t","protected":false},"excerpt":{"rendered":"<p>&#8222;Czytanie ksi\u0105\u017cek to najpi\u0119kniejsza zabawa, jak\u0105 sobie ludzko\u015b\u0107 wymy\u015bli\u0142a&#8221;&nbsp;W. Szymborska Zapraszamy do naszej wyj\u0105tkowej ksi\u0119garni w Kamieniu Pomorskim! Ksi\u0119garnia &#8222;Wiedza&#8221; istnieje od 1993 roku i od samego pocz\u0105tku nasz\u0105 misj\u0105 jest szerzy\u0107 czytelnictwo i promowa\u0107 gust czytelniczy w\u015br\u00f3d mieszka\u0144c\u00f3w tego pi\u0119knego miasta i powiatu. W naszej ofercie znajduj\u0105 si\u0119 pozycje literatury pi\u0119knej, beletrystyka, albumy, powie\u015bci [&hellip;]<\/p>\n","protected":false},"author":2,"featured_media":118,"parent":0,"menu_order":0,"comment_status":"closed","ping_status":"closed","template":"","meta":{"footnotes":""},"class_list":["post-47","page","type-page","status-publish","has-post-thumbnail","hentry"],"_links":{"self":[{"href":"https:\/\/ksiegarniawiedza.pl\/index.php?rest_route=\/wp\/v2\/pages\/47","targetHints":{"allow":["GET"]}}],"collection":[{"href":"https:\/\/ksiegarniawiedza.pl\/index.php?rest_route=\/wp\/v2\/pages"}],"about":[{"href":"https:\/\/ksiegarniawiedza.pl\/index.php?rest_route=\/wp\/v2\/types\/page"}],"author":[{"embeddable":true,"href":"https:\/\/ksiegarniawiedza.pl\/index.php?rest_route=\/wp\/v2\/users\/2"}],"replies":[{"embeddable":true,"href":"https:\/\/ksiegarniawiedza.pl\/index.php?rest_route=%2Fwp%2Fv2%2Fcomments&post=47"}],"version-history":[{"count":18,"href":"https:\/\/ksiegarniawiedza.pl\/index.php?rest_route=\/wp\/v2\/pages\/47\/revisions"}],"predecessor-version":[{"id":167,"href":"https:\/\/ksiegarniawiedza.pl\/index.php?rest_route=\/wp\/v2\/pages\/47\/revisions\/167"}],"wp:featuredmedia":[{"embeddable":true,"href":"https:\/\/ksiegarniawiedza.pl\/index.php?rest_route=\/wp\/v2\/media\/118"}],"wp:attachment":[{"href":"https:\/\/ksiegarniawiedza.pl\/index.php?rest_route=%2Fwp%2Fv2%2Fmedia&parent=47"}],"curies":[{"name":"wp","href":"https:\/\/api.w.org\/{rel}","templated":true}]}}